{"id":3236,"date":"2022-11-14T11:07:38","date_gmt":"2022-11-14T16:07:38","guid":{"rendered":"https:\/\/multimetalgb.ca\/contact-us\/"},"modified":"2023-03-09T13:35:19","modified_gmt":"2023-03-09T18:35:19","slug":"contact-us","status":"publish","type":"page","link":"https:\/\/multimetalgb.ca\/en\/contact-us\/","title":{"rendered":"Contact us"},"content":{"rendered":"\t\t<div data-elementor-type=\"wp-page\" data-elementor-id=\"3236\" class=\"elementor elementor-3236 elementor-834\" data-elementor-post-type=\"page\">\n\t\t\t\t\t\t<section class=\"elementor-section elementor-top-section elementor-element elementor-element-02db3ff elementor-section-height-min-height elementor-section-full_width elementor-section-items-stretch elementor-section-content-space-between elementor-section-height-default\" data-id=\"02db3ff\" data-element_type=\"section\" data-e-type=\"section\" data-settings=\"{&quot;background_background&quot;:&quot;classic&quot;}\">\n\t\t\t\t\t\t\t<div class=\"elementor-background-overlay\"><\/div>\n\t\t\t\t\t\t\t<div class=\"elementor-container elementor-column-gap-default\">\n\t\t\t\t\t<div class=\"elementor-column elementor-col-100 elementor-top-column elementor-element elementor-element-c19533c\" data-id=\"c19533c\" data-element_type=\"column\" data-e-type=\"column\">\n\t\t\t<div class=\"elementor-widget-wrap elementor-element-populated\">\n\t\t\t\t\t\t<div class=\"elementor-element elementor-element-e356844 animated-slow elementor-widget__width-auto elementor-invisible elementor-widget elementor-widget-heading\" data-id=\"e356844\" data-element_type=\"widget\" data-e-type=\"widget\" data-settings=\"{&quot;_animation&quot;:&quot;fadeInLeft&quot;,&quot;_animation_delay&quot;:500}\" data-widget_type=\"heading.default\">\n\t\t\t\t<div class=\"elementor-widget-container\">\n\t\t\t\t\t<h1 class=\"elementor-heading-title elementor-size-default\">Contact us<\/h1>\t\t\t\t<\/div>\n\t\t\t\t<\/div>\n\t\t\t\t\t<\/div>\n\t\t<\/div>\n\t\t\t\t\t<\/div>\n\t\t<\/section>\n\t\t\t\t<section class=\"elementor-section elementor-top-section elementor-element elementor-element-09bd8ba elementor-section-height-min-height elementor-section-boxed elementor-section-height-default elementor-section-items-middle\" data-id=\"09bd8ba\" data-element_type=\"section\" data-e-type=\"section\" data-settings=\"{&quot;background_background&quot;:&quot;classic&quot;}\">\n\t\t\t\t\t\t<div class=\"elementor-container elementor-column-gap-default\">\n\t\t\t\t\t<div class=\"elementor-column elementor-col-50 elementor-top-column elementor-element elementor-element-c05642d\" data-id=\"c05642d\" data-element_type=\"column\" data-e-type=\"column\">\n\t\t\t<div class=\"elementor-widget-wrap elementor-element-populated\">\n\t\t\t\t\t\t<div class=\"elementor-element elementor-element-8b12bf2 elementor-invisible elementor-widget elementor-widget-heading\" data-id=\"8b12bf2\" data-element_type=\"widget\" data-e-type=\"widget\" data-settings=\"{&quot;_animation&quot;:&quot;fadeInUp&quot;}\" data-widget_type=\"heading.default\">\n\t\t\t\t<div class=\"elementor-widget-container\">\n\t\t\t\t\t<h2 class=\"elementor-heading-title elementor-size-default\">COORDINATES<\/h2>\t\t\t\t<\/div>\n\t\t\t\t<\/div>\n\t\t\t\t<div class=\"elementor-element elementor-element-6993bc7 elementor-invisible elementor-widget elementor-widget-text-editor\" data-id=\"6993bc7\" data-element_type=\"widget\" data-e-type=\"widget\" data-settings=\"{&quot;_animation&quot;:&quot;fadeIn&quot;,&quot;_animation_delay&quot;:200}\" data-widget_type=\"text-editor.default\">\n\t\t\t\t<div class=\"elementor-widget-container\">\n\t\t\t\t\t\t\t\t\t<p><strong>Multi M\u00e9tal G. Boutin inc.<\/strong><br \/>6500 rue Roland-B\u00e9dard<br \/>Qu\u00e9bec QC\u00a0 G2C 0J2<\/p>\t\t\t\t\t\t\t\t<\/div>\n\t\t\t\t<\/div>\n\t\t\t\t<div class=\"elementor-element elementor-element-9ed4a6d elementor-align-start elementor-icon-list--layout-traditional elementor-list-item-link-full_width elementor-invisible elementor-widget elementor-widget-icon-list\" data-id=\"9ed4a6d\" data-element_type=\"widget\" data-e-type=\"widget\" data-settings=\"{&quot;_animation&quot;:&quot;fadeIn&quot;,&quot;_animation_delay&quot;:200}\" data-widget_type=\"icon-list.default\">\n\t\t\t\t<div class=\"elementor-widget-container\">\n\t\t\t\t\t\t\t<ul class=\"elementor-icon-list-items\">\n\t\t\t\t\t\t\t<li class=\"elementor-icon-list-item\">\n\t\t\t\t\t\t\t\t\t\t\t<a href=\"tel:4188425888\">\n\n\t\t\t\t\t\t\t\t\t\t\t\t<span class=\"elementor-icon-list-icon\">\n\t\t\t\t\t\t\t<i aria-hidden=\"true\" class=\"fas fa-phone-alt\"><\/i>\t\t\t\t\t\t<\/span>\n\t\t\t\t\t\t\t\t\t\t<span class=\"elementor-icon-list-text\">418 842-5888<\/span>\n\t\t\t\t\t\t\t\t\t\t\t<\/a>\n\t\t\t\t\t\t\t\t\t<\/li>\n\t\t\t\t\t\t\t\t<li class=\"elementor-icon-list-item\">\n\t\t\t\t\t\t\t\t\t\t\t<a href=\"mailto:reception@multimetalgb.ca\">\n\n\t\t\t\t\t\t\t\t\t\t\t\t<span class=\"elementor-icon-list-icon\">\n\t\t\t\t\t\t\t<i aria-hidden=\"true\" class=\"fas fa-envelope\"><\/i>\t\t\t\t\t\t<\/span>\n\t\t\t\t\t\t\t\t\t\t<span class=\"elementor-icon-list-text\">reception@multimetalgb.ca<\/span>\n\t\t\t\t\t\t\t\t\t\t\t<\/a>\n\t\t\t\t\t\t\t\t\t<\/li>\n\t\t\t\t\t\t<\/ul>\n\t\t\t\t\t\t<\/div>\n\t\t\t\t<\/div>\n\t\t\t\t<div class=\"elementor-element elementor-element-da96451 elementor-invisible elementor-widget elementor-widget-heading\" data-id=\"da96451\" data-element_type=\"widget\" data-e-type=\"widget\" data-settings=\"{&quot;_animation&quot;:&quot;fadeInUp&quot;,&quot;_animation_delay&quot;:200}\" data-widget_type=\"heading.default\">\n\t\t\t\t<div class=\"elementor-widget-container\">\n\t\t\t\t\t<h3 class=\"elementor-heading-title elementor-size-default\">RESOURCE PERSONS<\/h3>\t\t\t\t<\/div>\n\t\t\t\t<\/div>\n\t\t\t\t<div class=\"elementor-element elementor-element-b570fbe elementor-invisible elementor-widget elementor-widget-text-editor\" data-id=\"b570fbe\" data-element_type=\"widget\" data-e-type=\"widget\" data-settings=\"{&quot;_animation&quot;:&quot;fadeIn&quot;}\" data-widget_type=\"text-editor.default\">\n\t\t\t\t<div class=\"elementor-widget-container\">\n\t\t\t\t\t\t\t\t\t<p><strong>St\u00e9phane Boutin<\/strong>, President<br \/><strong>Dany Bourassa<\/strong>, Sales Director<br \/><strong>Michel Boutin<\/strong>, Business Development<br \/><strong>Carl Pelletier<\/strong>, Production and Plant Employment<br \/><strong>Pierre-Luc Valin<\/strong>, Procuration and Production<\/p>\n\t\t\t\t\t\t\t\t<\/div>\n\t\t\t\t<\/div>\n\t\t\t\t\t<\/div>\n\t\t<\/div>\n\t\t\t\t<div class=\"elementor-column elementor-col-50 elementor-top-column elementor-element elementor-element-0ba8c6c\" data-id=\"0ba8c6c\" data-element_type=\"column\" data-e-type=\"column\">\n\t\t\t<div class=\"elementor-widget-wrap elementor-element-populated\">\n\t\t\t\t\t\t<div class=\"elementor-element elementor-element-9dbe8e9 elementor-widget elementor-widget-image\" data-id=\"9dbe8e9\" data-element_type=\"widget\" data-e-type=\"widget\" data-widget_type=\"image.default\">\n\t\t\t\t<div class=\"elementor-widget-container\">\n\t\t\t\t\t\t\t\t\t\t\t\t\t\t\t<img fetchpriority=\"high\" decoding=\"async\" width=\"1536\" height=\"1024\" src=\"https:\/\/multimetalgb.ca\/wp-content\/uploads\/2022\/05\/multimetal-pur-1536x1024.jpg\" class=\"attachment-1536x1536 size-1536x1536 wp-image-648\" alt=\"Multi M\u00e9tal G. Boutin - Steel structures\" srcset=\"https:\/\/multimetalgb.ca\/wp-content\/uploads\/2022\/05\/multimetal-pur-1536x1024.jpg 1536w, https:\/\/multimetalgb.ca\/wp-content\/uploads\/2022\/05\/multimetal-pur-300x200.jpg 300w, https:\/\/multimetalgb.ca\/wp-content\/uploads\/2022\/05\/multimetal-pur-1024x683.jpg 1024w, https:\/\/multimetalgb.ca\/wp-content\/uploads\/2022\/05\/multimetal-pur-768x512.jpg 768w, https:\/\/multimetalgb.ca\/wp-content\/uploads\/2022\/05\/multimetal-pur.jpg 1980w\" sizes=\"(max-width: 1536px) 100vw, 1536px\" \/>\t\t\t\t\t\t\t\t\t\t\t\t\t\t\t<\/div>\n\t\t\t\t<\/div>\n\t\t\t\t<div class=\"elementor-element elementor-element-ba30a45 elementor-invisible elementor-widget elementor-widget-image\" data-id=\"ba30a45\" data-element_type=\"widget\" data-e-type=\"widget\" data-settings=\"{&quot;motion_fx_motion_fx_scrolling&quot;:&quot;yes&quot;,&quot;motion_fx_translateX_effect&quot;:&quot;yes&quot;,&quot;motion_fx_translateX_speed&quot;:{&quot;unit&quot;:&quot;px&quot;,&quot;size&quot;:1,&quot;sizes&quot;:[]},&quot;_animation&quot;:&quot;fadeIn&quot;,&quot;motion_fx_translateX_affectedRange&quot;:{&quot;unit&quot;:&quot;%&quot;,&quot;size&quot;:&quot;&quot;,&quot;sizes&quot;:{&quot;start&quot;:0,&quot;end&quot;:100}},&quot;motion_fx_devices&quot;:[&quot;desktop&quot;,&quot;tablet&quot;,&quot;mobile&quot;]}\" data-widget_type=\"image.default\">\n\t\t\t\t<div class=\"elementor-widget-container\">\n\t\t\t\t\t\t\t\t\t\t\t\t\t\t\t<img decoding=\"async\" width=\"768\" height=\"512\" src=\"https:\/\/multimetalgb.ca\/wp-content\/uploads\/2022\/10\/IMG_1642-768x512.jpg\" class=\"attachment-medium_large size-medium_large wp-image-3241\" alt=\"Multi M\u00e9tal G. Boutin - Welding of steel structures\" srcset=\"https:\/\/multimetalgb.ca\/wp-content\/uploads\/2022\/10\/IMG_1642-768x512.jpg 768w, https:\/\/multimetalgb.ca\/wp-content\/uploads\/2022\/10\/IMG_1642-300x200.jpg 300w, https:\/\/multimetalgb.ca\/wp-content\/uploads\/2022\/10\/IMG_1642-1024x683.jpg 1024w, https:\/\/multimetalgb.ca\/wp-content\/uploads\/2022\/10\/IMG_1642-1536x1024.jpg 1536w, https:\/\/multimetalgb.ca\/wp-content\/uploads\/2022\/10\/IMG_1642-2048x1365.jpg 2048w\" sizes=\"(max-width: 768px) 100vw, 768px\" \/>\t\t\t\t\t\t\t\t\t\t\t\t\t\t\t<\/div>\n\t\t\t\t<\/div>\n\t\t\t\t\t<\/div>\n\t\t<\/div>\n\t\t\t\t\t<\/div>\n\t\t<\/section>\n\t\t\t\t<section class=\"elementor-section elementor-top-section elementor-element elementor-element-aa09d0c elementor-section-full_width elementor-section-height-default elementor-section-height-default\" data-id=\"aa09d0c\" data-element_type=\"section\" data-e-type=\"section\">\n\t\t\t\t\t\t<div class=\"elementor-container elementor-column-gap-no\">\n\t\t\t\t\t<div class=\"elementor-column elementor-col-100 elementor-top-column elementor-element elementor-element-262b1e5\" data-id=\"262b1e5\" data-element_type=\"column\" data-e-type=\"column\">\n\t\t\t<div class=\"elementor-widget-wrap elementor-element-populated\">\n\t\t\t\t\t\t<div class=\"elementor-element elementor-element-770fd42 elementor-invisible elementor-widget elementor-widget-google_maps\" data-id=\"770fd42\" data-element_type=\"widget\" data-e-type=\"widget\" data-settings=\"{&quot;_animation&quot;:&quot;fadeIn&quot;}\" data-widget_type=\"google_maps.default\">\n\t\t\t\t<div class=\"elementor-widget-container\">\n\t\t\t\t\t\t\t<div class=\"elementor-custom-embed\">\n\t\t\t<iframe loading=\"lazy\"\n\t\t\t\t\tsrc=\"https:\/\/maps.google.com\/maps?q=6500%20rue%20Roland%20B%C3%A9dard%20Qu%C3%A9bec%20%28Qu%C3%A9%29%20G2C%200J2&#038;t=m&#038;z=15&#038;output=embed&#038;iwloc=near\"\n\t\t\t\t\ttitle=\"6500 rue Roland B\u00e9dard Qu\u00e9bec (Qu\u00e9) G2C 0J2\"\n\t\t\t\t\taria-label=\"6500 rue Roland B\u00e9dard Qu\u00e9bec (Qu\u00e9) G2C 0J2\"\n\t\t\t><\/iframe>\n\t\t<\/div>\n\t\t\t\t\t\t<\/div>\n\t\t\t\t<\/div>\n\t\t\t\t\t<\/div>\n\t\t<\/div>\n\t\t\t\t\t<\/div>\n\t\t<\/section>\n\t\t\t\t<\/div>\n\t\t","protected":false},"excerpt":{"rendered":"<p>COORDINATES Multi M\u00e9tal G. Boutin inc.6500 rue Roland-B\u00e9dardQu\u00e9bec QC\u00a0 G2C 0J2 418 842-5888 reception@multimetalgb.ca RESOURCE PERSONS St\u00e9phane Boutin, PresidentDany Bourassa, Sales DirectorMichel Boutin, Business DevelopmentCarl Pelletier, Production and Plant EmploymentPierre-Luc Valin, Procuration and Production<\/p>\n","protected":false},"author":1,"featured_media":0,"parent":0,"menu_order":2,"comment_status":"closed","ping_status":"closed","template":"","meta":{"_acf_changed":false,"site-sidebar-layout":"no-sidebar","site-content-layout":"page-builder","ast-site-content-layout":"default","site-content-style":"default","site-sidebar-style":"default","ast-global-header-display":"","ast-banner-title-visibility":"","ast-main-header-display":"","ast-hfb-above-header-display":"","ast-hfb-below-header-display":"","ast-hfb-mobile-header-display":"","site-post-title":"disabled","ast-breadcrumbs-content":"","ast-featured-img":"disabled","footer-sml-layout":"","ast-disable-related-posts":"","theme-transparent-header-meta":"","adv-header-id-meta":"","stick-header-meta":"","header-above-stick-meta":"","header-main-stick-meta":"","header-below-stick-meta":"","astra-migrate-meta-layouts":"default","ast-page-background-enabled":"default","ast-page-background-meta":{"desktop":{"background-color":"var(--ast-global-color-4)","background-image":"","background-repeat":"repeat","background-position":"center center","background-size":"auto","background-attachment":"scroll","background-type":"","background-media":"","overlay-type":"","overlay-color":"","overlay-opacity":"","overlay-gradient":""},"tablet":{"background-color":"","background-image":"","background-repeat":"repeat","background-position":"center center","background-size":"auto","background-attachment":"scroll","background-type":"","background-media":"","overlay-type":"","overlay-color":"","overlay-opacity":"","overlay-gradient":""},"mobile":{"background-color":"","background-image":"","background-repeat":"repeat","background-position":"center center","background-size":"auto","background-attachment":"scroll","background-type":"","background-media":"","overlay-type":"","overlay-color":"","overlay-opacity":"","overlay-gradient":""}},"ast-content-background-meta":{"desktop":{"background-color":"var(--ast-global-color-5)","background-image":"","background-repeat":"repeat","background-position":"center center","background-size":"auto","background-attachment":"scroll","background-type":"","background-media":"","overlay-type":"","overlay-color":"","overlay-opacity":"","overlay-gradient":""},"tablet":{"background-color":"var(--ast-global-color-5)","background-image":"","background-repeat":"repeat","background-position":"center center","background-size":"auto","background-attachment":"scroll","background-type":"","background-media":"","overlay-type":"","overlay-color":"","overlay-opacity":"","overlay-gradient":""},"mobile":{"background-color":"var(--ast-global-color-5)","background-image":"","background-repeat":"repeat","background-position":"center center","background-size":"auto","background-attachment":"scroll","background-type":"","background-media":"","overlay-type":"","overlay-color":"","overlay-opacity":"","overlay-gradient":""}},"footnotes":""},"class_list":["post-3236","page","type-page","status-publish","hentry"],"acf":[],"yoast_head":"<!-- This site is optimized with the Yoast SEO plugin v27.5 - https:\/\/yoast.com\/product\/yoast-seo-wordpress\/ -->\n<title>Contact us - Multi M\u00e9tal G. Boutin inc<\/title>\n<meta name=\"description\" content=\"For any information, you can contact us via our online request form, by phone or by email at reception@multimetalgb.ca.\" \/>\n<meta name=\"robots\" content=\"index, follow, max-snippet:-1, max-image-preview:large, max-video-preview:-1\" \/>\n<link rel=\"canonical\" href=\"https:\/\/multimetalgb.ca\/nous-joindre\/\" \/>\n<meta property=\"og:locale\" content=\"en_US\" \/>\n<meta property=\"og:type\" content=\"article\" \/>\n<meta property=\"og:title\" content=\"Contact us - Multi M\u00e9tal G. Boutin inc\" \/>\n<meta property=\"og:description\" content=\"For any information, you can contact us via our online request form, by phone or by email at reception@multimetalgb.ca.\" \/>\n<meta property=\"og:url\" content=\"https:\/\/multimetalgb.ca\/nous-joindre\/\" \/>\n<meta property=\"og:site_name\" content=\"Multi M\u00e9tal G. Boutin inc\" \/>\n<meta property=\"article:modified_time\" content=\"2023-03-09T18:35:19+00:00\" \/>\n<meta property=\"og:image\" content=\"https:\/\/multimetalgb.ca\/wp-content\/uploads\/2022\/05\/multimetal-pur-1536x1024.jpg\" \/>\n<meta name=\"twitter:card\" content=\"summary_large_image\" \/>\n<meta name=\"twitter:label1\" content=\"Est. reading time\" \/>\n\t<meta name=\"twitter:data1\" content=\"1 minute\" \/>\n<script type=\"application\/ld+json\" class=\"yoast-schema-graph\">{\"@context\":\"https:\\\/\\\/schema.org\",\"@graph\":[{\"@type\":\"WebPage\",\"@id\":\"https:\\\/\\\/multimetalgb.ca\\\/nous-joindre\\\/\",\"url\":\"https:\\\/\\\/multimetalgb.ca\\\/nous-joindre\\\/\",\"name\":\"Contact us - Multi M\u00e9tal G. Boutin inc\",\"isPartOf\":{\"@id\":\"https:\\\/\\\/multimetalgb.ca\\\/#website\"},\"primaryImageOfPage\":{\"@id\":\"https:\\\/\\\/multimetalgb.ca\\\/nous-joindre\\\/#primaryimage\"},\"image\":{\"@id\":\"https:\\\/\\\/multimetalgb.ca\\\/nous-joindre\\\/#primaryimage\"},\"thumbnailUrl\":\"https:\\\/\\\/multimetalgb.ca\\\/wp-content\\\/uploads\\\/2022\\\/05\\\/multimetal-pur-1536x1024.jpg\",\"datePublished\":\"2022-11-14T16:07:38+00:00\",\"dateModified\":\"2023-03-09T18:35:19+00:00\",\"description\":\"For any information, you can contact us via our online request form, by phone or by email at reception@multimetalgb.ca.\",\"breadcrumb\":{\"@id\":\"https:\\\/\\\/multimetalgb.ca\\\/nous-joindre\\\/#breadcrumb\"},\"inLanguage\":\"en-US\",\"potentialAction\":[{\"@type\":\"ReadAction\",\"target\":[\"https:\\\/\\\/multimetalgb.ca\\\/nous-joindre\\\/\"]}]},{\"@type\":\"ImageObject\",\"inLanguage\":\"en-US\",\"@id\":\"https:\\\/\\\/multimetalgb.ca\\\/nous-joindre\\\/#primaryimage\",\"url\":\"https:\\\/\\\/multimetalgb.ca\\\/wp-content\\\/uploads\\\/2022\\\/05\\\/multimetal-pur-1536x1024.jpg\",\"contentUrl\":\"https:\\\/\\\/multimetalgb.ca\\\/wp-content\\\/uploads\\\/2022\\\/05\\\/multimetal-pur-1536x1024.jpg\"},{\"@type\":\"BreadcrumbList\",\"@id\":\"https:\\\/\\\/multimetalgb.ca\\\/nous-joindre\\\/#breadcrumb\",\"itemListElement\":[{\"@type\":\"ListItem\",\"position\":1,\"name\":\"Accueil\",\"item\":\"https:\\\/\\\/multimetalgb.ca\\\/en\\\/\"},{\"@type\":\"ListItem\",\"position\":2,\"name\":\"Contact us\"}]},{\"@type\":\"WebSite\",\"@id\":\"https:\\\/\\\/multimetalgb.ca\\\/#website\",\"url\":\"https:\\\/\\\/multimetalgb.ca\\\/\",\"name\":\"Multi M\u00e9tal G. Boutin inc\",\"description\":\"M\u00e9taux ouvr\u00e9s, escaliers et garde-corps\",\"publisher\":{\"@id\":\"https:\\\/\\\/multimetalgb.ca\\\/#organization\"},\"potentialAction\":[{\"@type\":\"SearchAction\",\"target\":{\"@type\":\"EntryPoint\",\"urlTemplate\":\"https:\\\/\\\/multimetalgb.ca\\\/?s={search_term_string}\"},\"query-input\":{\"@type\":\"PropertyValueSpecification\",\"valueRequired\":true,\"valueName\":\"search_term_string\"}}],\"inLanguage\":\"en-US\"},{\"@type\":\"Organization\",\"@id\":\"https:\\\/\\\/multimetalgb.ca\\\/#organization\",\"name\":\"Multi M\u00e9tal G. Boutin inc\",\"url\":\"https:\\\/\\\/multimetalgb.ca\\\/\",\"logo\":{\"@type\":\"ImageObject\",\"inLanguage\":\"en-US\",\"@id\":\"https:\\\/\\\/multimetalgb.ca\\\/#\\\/schema\\\/logo\\\/image\\\/\",\"url\":\"https:\\\/\\\/multimetalgb.ca\\\/wp-content\\\/uploads\\\/2022\\\/04\\\/multi-metal-logo-couleur.png\",\"contentUrl\":\"https:\\\/\\\/multimetalgb.ca\\\/wp-content\\\/uploads\\\/2022\\\/04\\\/multi-metal-logo-couleur.png\",\"width\":701,\"height\":126,\"caption\":\"Multi M\u00e9tal G. Boutin inc\"},\"image\":{\"@id\":\"https:\\\/\\\/multimetalgb.ca\\\/#\\\/schema\\\/logo\\\/image\\\/\"}}]}<\/script>\n<!-- \/ Yoast SEO plugin. -->","yoast_head_json":{"title":"Contact us - Multi M\u00e9tal G. Boutin inc","description":"For any information, you can contact us via our online request form, by phone or by email at reception@multimetalgb.ca.","robots":{"index":"index","follow":"follow","max-snippet":"max-snippet:-1","max-image-preview":"max-image-preview:large","max-video-preview":"max-video-preview:-1"},"canonical":"https:\/\/multimetalgb.ca\/nous-joindre\/","og_locale":"en_US","og_type":"article","og_title":"Contact us - Multi M\u00e9tal G. Boutin inc","og_description":"For any information, you can contact us via our online request form, by phone or by email at reception@multimetalgb.ca.","og_url":"https:\/\/multimetalgb.ca\/nous-joindre\/","og_site_name":"Multi M\u00e9tal G. Boutin inc","article_modified_time":"2023-03-09T18:35:19+00:00","og_image":[{"url":"https:\/\/multimetalgb.ca\/wp-content\/uploads\/2022\/05\/multimetal-pur-1536x1024.jpg","type":"","width":"","height":""}],"twitter_card":"summary_large_image","twitter_misc":{"Est. reading time":"1 minute"},"schema":{"@context":"https:\/\/schema.org","@graph":[{"@type":"WebPage","@id":"https:\/\/multimetalgb.ca\/nous-joindre\/","url":"https:\/\/multimetalgb.ca\/nous-joindre\/","name":"Contact us - Multi M\u00e9tal G. Boutin inc","isPartOf":{"@id":"https:\/\/multimetalgb.ca\/#website"},"primaryImageOfPage":{"@id":"https:\/\/multimetalgb.ca\/nous-joindre\/#primaryimage"},"image":{"@id":"https:\/\/multimetalgb.ca\/nous-joindre\/#primaryimage"},"thumbnailUrl":"https:\/\/multimetalgb.ca\/wp-content\/uploads\/2022\/05\/multimetal-pur-1536x1024.jpg","datePublished":"2022-11-14T16:07:38+00:00","dateModified":"2023-03-09T18:35:19+00:00","description":"For any information, you can contact us via our online request form, by phone or by email at reception@multimetalgb.ca.","breadcrumb":{"@id":"https:\/\/multimetalgb.ca\/nous-joindre\/#breadcrumb"},"inLanguage":"en-US","potentialAction":[{"@type":"ReadAction","target":["https:\/\/multimetalgb.ca\/nous-joindre\/"]}]},{"@type":"ImageObject","inLanguage":"en-US","@id":"https:\/\/multimetalgb.ca\/nous-joindre\/#primaryimage","url":"https:\/\/multimetalgb.ca\/wp-content\/uploads\/2022\/05\/multimetal-pur-1536x1024.jpg","contentUrl":"https:\/\/multimetalgb.ca\/wp-content\/uploads\/2022\/05\/multimetal-pur-1536x1024.jpg"},{"@type":"BreadcrumbList","@id":"https:\/\/multimetalgb.ca\/nous-joindre\/#breadcrumb","itemListElement":[{"@type":"ListItem","position":1,"name":"Accueil","item":"https:\/\/multimetalgb.ca\/en\/"},{"@type":"ListItem","position":2,"name":"Contact us"}]},{"@type":"WebSite","@id":"https:\/\/multimetalgb.ca\/#website","url":"https:\/\/multimetalgb.ca\/","name":"Multi M\u00e9tal G. Boutin inc","description":"M\u00e9taux ouvr\u00e9s, escaliers et garde-corps","publisher":{"@id":"https:\/\/multimetalgb.ca\/#organization"},"potentialAction":[{"@type":"SearchAction","target":{"@type":"EntryPoint","urlTemplate":"https:\/\/multimetalgb.ca\/?s={search_term_string}"},"query-input":{"@type":"PropertyValueSpecification","valueRequired":true,"valueName":"search_term_string"}}],"inLanguage":"en-US"},{"@type":"Organization","@id":"https:\/\/multimetalgb.ca\/#organization","name":"Multi M\u00e9tal G. Boutin inc","url":"https:\/\/multimetalgb.ca\/","logo":{"@type":"ImageObject","inLanguage":"en-US","@id":"https:\/\/multimetalgb.ca\/#\/schema\/logo\/image\/","url":"https:\/\/multimetalgb.ca\/wp-content\/uploads\/2022\/04\/multi-metal-logo-couleur.png","contentUrl":"https:\/\/multimetalgb.ca\/wp-content\/uploads\/2022\/04\/multi-metal-logo-couleur.png","width":701,"height":126,"caption":"Multi M\u00e9tal G. Boutin inc"},"image":{"@id":"https:\/\/multimetalgb.ca\/#\/schema\/logo\/image\/"}}]}},"_links":{"self":[{"href":"https:\/\/multimetalgb.ca\/en\/wp-json\/wp\/v2\/pages\/3236","targetHints":{"allow":["GET"]}}],"collection":[{"href":"https:\/\/multimetalgb.ca\/en\/wp-json\/wp\/v2\/pages"}],"about":[{"href":"https:\/\/multimetalgb.ca\/en\/wp-json\/wp\/v2\/types\/page"}],"author":[{"embeddable":true,"href":"https:\/\/multimetalgb.ca\/en\/wp-json\/wp\/v2\/users\/1"}],"replies":[{"embeddable":true,"href":"https:\/\/multimetalgb.ca\/en\/wp-json\/wp\/v2\/comments?post=3236"}],"version-history":[{"count":5,"href":"https:\/\/multimetalgb.ca\/en\/wp-json\/wp\/v2\/pages\/3236\/revisions"}],"predecessor-version":[{"id":3940,"href":"https:\/\/multimetalgb.ca\/en\/wp-json\/wp\/v2\/pages\/3236\/revisions\/3940"}],"wp:attachment":[{"href":"https:\/\/multimetalgb.ca\/en\/wp-json\/wp\/v2\/media?parent=3236"}],"curies":[{"name":"wp","href":"https:\/\/api.w.org\/{rel}","templated":true}]}}